{"id":304,"date":"2021-08-05T14:10:19","date_gmt":"2021-08-05T12:10:19","guid":{"rendered":"http:\/\/www.emp-elektro.com\/?page_id=304"},"modified":"2022-04-21T05:58:49","modified_gmt":"2022-04-21T03:58:49","slug":"imprint","status":"publish","type":"page","link":"https:\/\/www.emp-elektro.com\/it\/imprint\/","title":{"rendered":"Imprint"},"content":{"rendered":"\n<h1>Imprint<\/h1>\n\n\n\n<h4>Elektro Mair Peter Srl<\/h4>\n\n\n\n<p>Zona Artigianale 12<br>I-39049 Campo di Trens (BZ)<br>Alto Adige \u2013 Italia<\/p>\n\n\n\n<p><strong><a href=\"mailto:shop@emp-elektro.it\" target=\"_blank\" rel=\"noreferrer noopener\">shop@emp-elektro.it<\/a><br><strong>T<\/strong> <a href=\"tel:00390472647217\" target=\"_blank\" rel=\"noreferrer noopener\">+39 0472 647 217<\/a><\/strong><\/p>\n\n\n\n<p><strong>Part. IVA<\/strong>: 01688560216<br><strong>PEC<\/strong> <a href=\"mailto:elektro.mair@secure-pec.it\" target=\"_blank\" rel=\"noreferrer noopener\">elektro.mair@secure-pec.it<\/a><br><\/p>\n\n\n\n<p>Contributi con obbligo di pubblicazione <a href=\"https:\/\/www.rna.gov.it\/RegistroNazionaleTrasparenza\/faces\/pages\/TrasparenzaAiuto.jspx\" target=\"_blank\" rel=\"noreferrer noopener nofollow\">https:\/\/www.rna.gov.it\/RegistroNazionaleTrasparenza\/faces\/pages\/TrasparenzaAiuto.jspx<\/a><\/p>\n\n\n\n<p><strong><strong>Copyright per le immagini e grafiche utilizzate<\/strong><br><\/strong>\u00a9 Elektro Mair Peter GmbH<br> \u00a9 Leitner AG <\/p>\n\n\n\n<p><strong><strong>Risoluzione delle controversie<\/strong><br><\/strong>Informazioni obbligatorie ai sensi del Regolamento UE n. 524\/2013 del Parlamento e Consiglio europeo. Piattaforma per la risoluzione online delle controversie (ODR) della Commissione europea: <a href=\"http:\/\/ec.europa.eu\/consumers\/odr\/\" target=\"_blank\" rel=\"noreferrer noopener\">http:\/\/ec.europa.eu\/consumers\/odr\/<\/a><\/p>\n\n\n\n<p><strong><strong>Concetto e realizzazione<\/strong><br><\/strong>MUWit d. Sandra Stablum<br>Citt\u00e0 Alta 60<br>39043 Chiusa (BZ)<\/p>\n\n\n\n<p><strong>T<\/strong> +39 347 1330206<\/p>\n\n\n\n<p>Part. IVA.: IT02730810211<br>Cod. fisc.: STB SDR 88 A44 B160 S<\/p>\n\n\n\n<p><a href=\"mailto:info@muwit.it\" target=\"_blank\" rel=\"noreferrer noopener\">info@muwit.it<\/a><br><a href=\"http:\/\/www.muwit.it\" target=\"_blank\" rel=\"noreferrer noopener\">www.muwit.it<\/a><\/p>\n\n\n\n<p><strong><strong>Responsabile per il contenuto:<\/strong><br><\/strong>Elektro Mair Peter Srl<\/p>\n\n\n\n<p><strong><strong>Dichiarazione liberatoria:<\/strong><br><strong>Responsabilit\u00e0 per i contenuti<\/strong><br><\/strong>I contenuti delle nostre pagine sono stati redatti, elaborati e controllati scrupolosamente. Tuttavia, non ci assumiamo nessuna responsabilit\u00e0 per la correttezza, qualit\u00e0, completezza e attualit\u00e0 dei contenuti, poich\u00e9 non \u00e8 da escludere che siano cambiati nel tempo. Come prestatori di servizi siamo responsabili per i contenuti di queste pagine in base alla normativa vigente. Nella nostra qualit\u00e0 di prestatori di servizi non siamo per\u00f2 obbligati a controllare l\u2019esattezza di informazioni ricevute o salvate da terzi, o a controllare se sussistano irregolarit\u00e0 che indichino un\u2019attivit\u00e0 illegale. L\u2019obbligo di rimuovere o bloccare l\u2019utilizzo di informazioni secondo la normativa vigente rimane valido. L\u2019assunzione di tale responsabilit\u00e0 \u00e8 tuttavia possibile solamente dopo il momento dell\u2019effettivo riconoscimento da parte nostra di una concreta violazione di diritto. Alla presa d\u2019atto di tali violazioni di legge provvederemo immediatamente alla rimozione dei contenuti in questione.<br>Si escludono di principio le rivendicazioni di responsabilit\u00e0 di qualsiasi tipo causate dall\u2019utilizzo di informazioni messe a disposizione, oppure da informazioni errate e\/o incomplete.<\/p>\n\n\n\n<p><strong><strong>Responsabilit\u00e0 per i link<\/strong><br><\/strong>La nostra offerta contiene dei collegamenti ipertestuali con siti web esterni di terzi, sui cui contenuti non possiamo influire. Per questo motivo non forniamo nessuna garanzia sui contenuti dei siti web linkati, indipendentemente dal tipo e dalla natura. Ne \u00e8 responsabile solamente il relativo proprietario o gestore del sito. Un controllo permanente dei contenuti dei siti linkati al presente non \u00e8 fattibile senza concreti punti di riferimento. All\u2019avvenuta conoscenza d\u2019infrazioni contro la legge causate dai siti web linkati, i link in questione saranno subito rimossi.<\/p>\n\n\n\n<p><strong><strong>Copyright<\/strong><br><\/strong>Tutti i contenuti e le opere creati dal web designer e dai gestori del sito sono protetti da copyright. La riproduzione, l\u2019alterazione, la distribuzione e qualsiasi forma di utilizzo, soprattutto per scopi commerciali, al di fuori dei limiti del diritto d\u2019autore, sono severamente vietate e ammesse esclusivamente previa autorizzazione scritta del relativo autore o creatore. Nel caso i contenuti di questa pagina non siano stati creati dal gestore, sono da rispettare i diritti di copyright di terzi. I contenuti redatti da terzi sono contrassegnati come tali. In caso doveste notare una violazione del copyright, vi preghiamo gentilmente di farci pervenire un\u2019apposita segnalazione. All\u2019atto di presa di conoscenza di tali violazioni di legge, i contenuti in questione saranno naturalmente rimossi subito, senza per\u00f2 assumerne nessuna responsabilit\u00e0.<\/p>\n\n\n\n<div class=\"is-layout-flow wp-block-group\"><div class=\"wp-block-group__inner-container\">\n<div style=\"height:100px\" aria-hidden=\"true\" class=\"wp-block-spacer\"><\/div>\n\n\n\n<hr class=\"wp-block-separator has-text-color has-background is-style-default\" style=\"background-color:#eebe47;color:#eebe47\"\/>\n<\/div><\/div>\n\n\n\n<div style=\"height:100px\" aria-hidden=\"true\" class=\"wp-block-spacer\"><\/div>\n\n\n\n<p><\/p>\n","protected":false},"excerpt":{"rendered":"<p>Imprint Elektro Mair Peter Srl Zona Artigianale 12I-39049 Campo di Trens (BZ)Alto Adige \u2013 Italia shop@emp-elektro.itT +39 0472 647 217 Part. IVA: 01688560216PEC elektro.mair@secure-pec.it Contributi con<span class=\"excerpt-hellip\"> [\u2026]<\/span><\/p>\n","protected":false},"author":1,"featured_media":0,"parent":0,"menu_order":0,"comment_status":"closed","ping_status":"closed","template":"","meta":[],"yoast_head":"<!-- This site is optimized with the Yoast SEO plugin v20.1 - https:\/\/yoast.com\/wordpress\/plugins\/seo\/ -->\n<title>Imprint<\/title>\n<meta name=\"description\" content=\"imprint\" \/>\n<meta name=\"robots\" content=\"noindex, nofollow\" \/>\n<meta property=\"og:locale\" content=\"it_IT\" \/>\n<meta property=\"og:type\" content=\"article\" \/>\n<meta property=\"og:title\" content=\"Imprint\" \/>\n<meta property=\"og:description\" content=\"imprint\" \/>\n<meta property=\"og:url\" content=\"https:\/\/www.emp-elektro.com\/it\/imprint\/\" \/>\n<meta property=\"og:site_name\" content=\"EMP - Elektro\" \/>\n<meta property=\"article:modified_time\" content=\"2022-04-21T03:58:49+00:00\" \/>\n<meta name=\"twitter:card\" content=\"summary_large_image\" \/>\n<meta name=\"twitter:label1\" content=\"Tempo di lettura stimato\" \/>\n\t<meta name=\"twitter:data1\" content=\"3 minuti\" \/>\n<script type=\"application\/ld+json\" class=\"yoast-schema-graph\">{\"@context\":\"https:\/\/schema.org\",\"@graph\":[{\"@type\":\"WebPage\",\"@id\":\"https:\/\/www.emp-elektro.com\/it\/imprint\/\",\"url\":\"https:\/\/www.emp-elektro.com\/it\/imprint\/\",\"name\":\"Imprint\",\"isPartOf\":{\"@id\":\"https:\/\/www.emp-elektro.com\/#website\"},\"datePublished\":\"2021-08-05T12:10:19+00:00\",\"dateModified\":\"2022-04-21T03:58:49+00:00\",\"description\":\"imprint\",\"breadcrumb\":{\"@id\":\"https:\/\/www.emp-elektro.com\/it\/imprint\/#breadcrumb\"},\"inLanguage\":\"it-IT\",\"potentialAction\":[{\"@type\":\"ReadAction\",\"target\":[\"https:\/\/www.emp-elektro.com\/it\/imprint\/\"]}]},{\"@type\":\"BreadcrumbList\",\"@id\":\"https:\/\/www.emp-elektro.com\/it\/imprint\/#breadcrumb\",\"itemListElement\":[{\"@type\":\"ListItem\",\"position\":1,\"name\":\"Startseite\",\"item\":\"https:\/\/www.emp-elektro.com\/it\/\"},{\"@type\":\"ListItem\",\"position\":2,\"name\":\"Imprint\"}]},{\"@type\":\"WebSite\",\"@id\":\"https:\/\/www.emp-elektro.com\/#website\",\"url\":\"https:\/\/www.emp-elektro.com\/\",\"name\":\"EMP - Elektro\",\"description\":\"Erfahren | Vertraulich | Ver\u00e4sslich\",\"potentialAction\":[{\"@type\":\"SearchAction\",\"target\":{\"@type\":\"EntryPoint\",\"urlTemplate\":\"https:\/\/www.emp-elektro.com\/?s={search_term_string}\"},\"query-input\":\"required name=search_term_string\"}],\"inLanguage\":\"it-IT\"}]}<\/script>\n<!-- \/ Yoast SEO plugin. -->","yoast_head_json":{"title":"Imprint","description":"imprint","robots":{"index":"noindex","follow":"nofollow"},"og_locale":"it_IT","og_type":"article","og_title":"Imprint","og_description":"imprint","og_url":"https:\/\/www.emp-elektro.com\/it\/imprint\/","og_site_name":"EMP - Elektro","article_modified_time":"2022-04-21T03:58:49+00:00","twitter_card":"summary_large_image","twitter_misc":{"Tempo di lettura stimato":"3 minuti"},"schema":{"@context":"https:\/\/schema.org","@graph":[{"@type":"WebPage","@id":"https:\/\/www.emp-elektro.com\/it\/imprint\/","url":"https:\/\/www.emp-elektro.com\/it\/imprint\/","name":"Imprint","isPartOf":{"@id":"https:\/\/www.emp-elektro.com\/#website"},"datePublished":"2021-08-05T12:10:19+00:00","dateModified":"2022-04-21T03:58:49+00:00","description":"imprint","breadcrumb":{"@id":"https:\/\/www.emp-elektro.com\/it\/imprint\/#breadcrumb"},"inLanguage":"it-IT","potentialAction":[{"@type":"ReadAction","target":["https:\/\/www.emp-elektro.com\/it\/imprint\/"]}]},{"@type":"BreadcrumbList","@id":"https:\/\/www.emp-elektro.com\/it\/imprint\/#breadcrumb","itemListElement":[{"@type":"ListItem","position":1,"name":"Startseite","item":"https:\/\/www.emp-elektro.com\/it\/"},{"@type":"ListItem","position":2,"name":"Imprint"}]},{"@type":"WebSite","@id":"https:\/\/www.emp-elektro.com\/#website","url":"https:\/\/www.emp-elektro.com\/","name":"EMP - Elektro","description":"Erfahren | Vertraulich | Ver\u00e4sslich","potentialAction":[{"@type":"SearchAction","target":{"@type":"EntryPoint","urlTemplate":"https:\/\/www.emp-elektro.com\/?s={search_term_string}"},"query-input":"required name=search_term_string"}],"inLanguage":"it-IT"}]}},"_links":{"self":[{"href":"https:\/\/www.emp-elektro.com\/it\/wp-json\/wp\/v2\/pages\/304"}],"collection":[{"href":"https:\/\/www.emp-elektro.com\/it\/wp-json\/wp\/v2\/pages"}],"about":[{"href":"https:\/\/www.emp-elektro.com\/it\/wp-json\/wp\/v2\/types\/page"}],"author":[{"embeddable":true,"href":"https:\/\/www.emp-elektro.com\/it\/wp-json\/wp\/v2\/users\/1"}],"replies":[{"embeddable":true,"href":"https:\/\/www.emp-elektro.com\/it\/wp-json\/wp\/v2\/comments?post=304"}],"version-history":[{"count":5,"href":"https:\/\/www.emp-elektro.com\/it\/wp-json\/wp\/v2\/pages\/304\/revisions"}],"predecessor-version":[{"id":586,"href":"https:\/\/www.emp-elektro.com\/it\/wp-json\/wp\/v2\/pages\/304\/revisions\/586"}],"wp:attachment":[{"href":"https:\/\/www.emp-elektro.com\/it\/wp-json\/wp\/v2\/media?parent=304"}],"curies":[{"name":"wp","href":"https:\/\/api.w.org\/{rel}","templated":true}]}}